{"id":118,"date":"2023-11-04T00:42:49","date_gmt":"2023-11-03T23:42:49","guid":{"rendered":"https:\/\/advanceproyectos.com\/?page_id=118"},"modified":"2023-11-09T17:21:44","modified_gmt":"2023-11-09T16:21:44","slug":"nuestra-firma","status":"publish","type":"page","link":"https:\/\/advanceproyectos.com\/index.php\/nuestra-firma\/","title":{"rendered":"Nuestra firma"},"content":{"rendered":"<div class=\"gb-container gb-container-3672553f\">\n\n<figure class=\"wp-block-image alignfull size-full\"><img loading=\"lazy\" decoding=\"async\" width=\"2560\" height=\"506\" src=\"https:\/\/advanceproyectos.com\/wp-content\/uploads\/2023\/11\/nuestrafirma_Mesa-de-trabajo-1-scaled.jpg\" alt=\"\" class=\"wp-image-119\" srcset=\"https:\/\/advanceproyectos.com\/wp-content\/uploads\/2023\/11\/nuestrafirma_Mesa-de-trabajo-1-scaled.jpg 2560w, https:\/\/advanceproyectos.com\/wp-content\/uploads\/2023\/11\/nuestrafirma_Mesa-de-trabajo-1-300x59.jpg 300w, https:\/\/advanceproyectos.com\/wp-content\/uploads\/2023\/11\/nuestrafirma_Mesa-de-trabajo-1-1024x202.jpg 1024w, https:\/\/advanceproyectos.com\/wp-content\/uploads\/2023\/11\/nuestrafirma_Mesa-de-trabajo-1-768x152.jpg 768w, https:\/\/advanceproyectos.com\/wp-content\/uploads\/2023\/11\/nuestrafirma_Mesa-de-trabajo-1-1536x303.jpg 1536w, https:\/\/advanceproyectos.com\/wp-content\/uploads\/2023\/11\/nuestrafirma_Mesa-de-trabajo-1-2048x404.jpg 2048w\" sizes=\"auto, (max-width: 2560px) 100vw, 2560px\" \/><\/figure>\n\n<\/div>\n\n<div class=\"gb-container gb-container-a11a6576\">\n\n<h2 class=\"gb-headline gb-headline-ac0a3bc2 gb-headline-text\">QUIENES SOMOS<\/h2>\n\n\n\n<p class=\"gb-headline gb-headline-55249267 gb-headline-text\">ADVANCE Edificaci\u00f3n e Infraestructura, S.A. de C.V. es una empresa que nace en noviembre del a\u00f1o 2013 en la ciudad de Puebla teniendo como base para su creaci\u00f3n la de reconocer la alta demanda que el pa\u00eds tiene en vivienda (30 millones de unidades para los pr\u00f3ximos 20 a\u00f1os), la cual, para construirse de forma ordenada y sostenible, deber\u00e1 ser&nbsp;satisfecha por los desarrolladores inmobiliarios y de vivienda.<\/p>\n\n\n\n<div class=\"wp-block-columns is-layout-flex wp-container-core-columns-is-layout-9d6595d7 wp-block-columns-is-layout-flex\">\n<div class=\"wp-block-column is-layout-flow wp-block-column-is-layout-flow\" style=\"flex-basis:33.33%\"><div class=\"wp-block-image\">\n<figure class=\"aligncenter size-full is-resized\"><img loading=\"lazy\" decoding=\"async\" width=\"739\" height=\"479\" src=\"https:\/\/advanceproyectos.com\/wp-content\/uploads\/2023\/11\/personas.png\" alt=\"\" class=\"wp-image-163\" style=\"aspect-ratio:1.5427974947807934;width:132px;height:auto\" srcset=\"https:\/\/advanceproyectos.com\/wp-content\/uploads\/2023\/11\/personas.png 739w, https:\/\/advanceproyectos.com\/wp-content\/uploads\/2023\/11\/personas-300x194.png 300w\" sizes=\"auto, (max-width: 739px) 100vw, 739px\" \/><\/figure><\/div><\/div>\n\n\n\n<div class=\"wp-block-column is-layout-flow wp-block-column-is-layout-flow\" style=\"flex-basis:66.66%\">\n<p class=\"gb-headline gb-headline-16f0f3e3 gb-headline-text\"><strong>Los socios de ADVANCE cuentan con 28 a\u00f1os de experiencia en el sector de la vivienda y en el desarrollo de conjuntos habitacionales en seis estados del pa\u00eds y con m\u00e1s de 8,000 viviendas producidas.<\/strong><\/p>\n<\/div>\n<\/div>\n\n<\/div>\n\n\n<h2 class=\"gb-headline gb-headline-46854a28 gb-headline-text\">FILOSOF\u00cdA<\/h2>\n\n\n\n<div class=\"wp-block-columns has-base-3-background-color has-background is-layout-flex wp-container-core-columns-is-layout-9d6595d7 wp-block-columns-is-layout-flex\">\n<div class=\"wp-block-column has-base-3-background-color has-background is-layout-flow wp-block-column-is-layout-flow\" style=\"flex-basis:33.33%\"><div class=\"wp-block-image\">\n<figure class=\"aligncenter size-full is-resized\"><img loading=\"lazy\" decoding=\"async\" width=\"594\" height=\"591\" src=\"https:\/\/advanceproyectos.com\/wp-content\/uploads\/2023\/11\/mision.png\" alt=\"\" class=\"wp-image-172\" style=\"aspect-ratio:1.0050761421319796;width:130px;height:auto\" srcset=\"https:\/\/advanceproyectos.com\/wp-content\/uploads\/2023\/11\/mision.png 594w, https:\/\/advanceproyectos.com\/wp-content\/uploads\/2023\/11\/mision-300x298.png 300w, https:\/\/advanceproyectos.com\/wp-content\/uploads\/2023\/11\/mision-150x150.png 150w\" sizes=\"auto, (max-width: 594px) 100vw, 594px\" \/><\/figure><\/div>\n\n\n<p class=\"gb-headline gb-headline-77cf9968 gb-headline-text\">MISI\u00d3N<\/p>\n<\/div>\n\n\n\n<div class=\"wp-block-column is-layout-flow wp-block-column-is-layout-flow\" style=\"flex-basis:66.66%\">\n<p class=\"gb-headline gb-headline-6e446750 gb-headline-text\">Ser una empresa constructora y desarrolladora que crea valor a sus clientes a trav\u00e9s de nuestros servicios de construcci\u00f3n, consultor\u00eda y promoci\u00f3n de proyectos inmobiliarios llevando con \u00e9xito la gesti\u00f3n de sus proyectos.<\/p>\n<\/div>\n<\/div>\n\n\n<div class=\"gb-container gb-container-a00b66dc\">\n\n<div class=\"wp-block-columns has-base-3-background-color has-background is-layout-flex wp-container-core-columns-is-layout-9d6595d7 wp-block-columns-is-layout-flex\">\n<div class=\"wp-block-column is-layout-flow wp-block-column-is-layout-flow\" style=\"flex-basis:33.33%\"><div class=\"wp-block-image\">\n<figure class=\"aligncenter size-full is-resized\"><img loading=\"lazy\" decoding=\"async\" width=\"806\" height=\"591\" src=\"https:\/\/advanceproyectos.com\/wp-content\/uploads\/2023\/11\/vision.png\" alt=\"\" class=\"wp-image-178\" style=\"aspect-ratio:1.3637901861252115;width:134px;height:auto\" srcset=\"https:\/\/advanceproyectos.com\/wp-content\/uploads\/2023\/11\/vision.png 806w, https:\/\/advanceproyectos.com\/wp-content\/uploads\/2023\/11\/vision-300x220.png 300w, https:\/\/advanceproyectos.com\/wp-content\/uploads\/2023\/11\/vision-768x563.png 768w\" sizes=\"auto, (max-width: 806px) 100vw, 806px\" \/><\/figure><\/div>\n\n\n<p class=\"gb-headline gb-headline-4e9b0f31 gb-headline-text\">VISI\u00d3N<\/p>\n<\/div>\n\n\n\n<div class=\"wp-block-column is-layout-flow wp-block-column-is-layout-flow\" style=\"flex-basis:66.66%\">\n<p class=\"gb-headline gb-headline-a1271c5d gb-headline-text\">Ser una empresa regional altamente competitiva y comprometida con sus clientes, crear desarrollos inmobiliarios sustentables y destacada por la excelencia de sus recursos humanos.<\/p>\n<\/div>\n<\/div>\n\n<\/div>\n\n<div class=\"gb-container gb-container-04c6f6c3\">\n\n<div class=\"wp-block-columns has-base-3-background-color has-background is-layout-flex wp-container-core-columns-is-layout-9d6595d7 wp-block-columns-is-layout-flex\">\n<div class=\"wp-block-column is-layout-flow wp-block-column-is-layout-flow\" style=\"flex-basis:33.33%\"><div class=\"wp-block-image\">\n<figure class=\"aligncenter size-full is-resized\"><img loading=\"lazy\" decoding=\"async\" width=\"542\" height=\"577\" src=\"https:\/\/advanceproyectos.com\/wp-content\/uploads\/2023\/11\/valores.png\" alt=\"\" class=\"wp-image-184\" style=\"aspect-ratio:0.9393414211438474;width:114px;height:auto\" srcset=\"https:\/\/advanceproyectos.com\/wp-content\/uploads\/2023\/11\/valores.png 542w, https:\/\/advanceproyectos.com\/wp-content\/uploads\/2023\/11\/valores-282x300.png 282w\" sizes=\"auto, (max-width: 542px) 100vw, 542px\" \/><\/figure><\/div>\n\n\n<p class=\"gb-headline gb-headline-d8867f2e gb-headline-text\">VALORES<\/p>\n<\/div>\n\n\n\n<div class=\"wp-block-column is-layout-flow wp-block-column-is-layout-flow\" style=\"flex-basis:66.66%\">\n<p class=\"gb-headline gb-headline-d5449161 gb-headline-text\"><strong>Profesionalismo:<\/strong> contar con recursos humanos con alta capacitaci\u00f3n y experiencia.<br><strong>Honestidad:<\/strong> crear un entorno de transparencia en el desarrollo de nuestro negocio.<br><strong>Confianza:<\/strong> relaciones abiertas y francas con nuestros colaboradores, proveedores y clientes.<br><strong>Compromiso: <\/strong>dar lo mejor de nosotros mismos para lograr las metas comunes.<br><strong>Eficacia:<\/strong> alcanzar los objetivos con el uso eficiente de los recursos.<\/p>\n<\/div>\n<\/div>\n\n<\/div>","protected":false},"excerpt":{"rendered":"<p>QUIENES SOMOS ADVANCE Edificaci\u00f3n e Infraestructura, S.A. de C.V. es una empresa que nace en noviembre del a\u00f1o 2013 en la ciudad de Puebla teniendo como base para su creaci\u00f3n la de reconocer la alta demanda que el pa\u00eds tiene en vivienda (30 millones de unidades para los pr\u00f3ximos 20 a\u00f1os), la cual, para construirse &#8230; <a title=\"Nuestra firma\" class=\"read-more\" href=\"https:\/\/advanceproyectos.com\/index.php\/nuestra-firma\/\" aria-label=\"Leer m\u00e1s sobre Nuestra firma\">Leer m\u00e1s<\/a><\/p>\n","protected":false},"author":2,"featured_media":0,"parent":0,"menu_order":0,"comment_status":"closed","ping_status":"closed","template":"","meta":{"_eb_attr":"","footnotes":""},"class_list":["post-118","page","type-page","status-publish"],"_links":{"self":[{"href":"https:\/\/advanceproyectos.com\/index.php\/wp-json\/wp\/v2\/pages\/118","targetHints":{"allow":["GET"]}}],"collection":[{"href":"https:\/\/advanceproyectos.com\/index.php\/wp-json\/wp\/v2\/pages"}],"about":[{"href":"https:\/\/advanceproyectos.com\/index.php\/wp-json\/wp\/v2\/types\/page"}],"author":[{"embeddable":true,"href":"https:\/\/advanceproyectos.com\/index.php\/wp-json\/wp\/v2\/users\/2"}],"replies":[{"embeddable":true,"href":"https:\/\/advanceproyectos.com\/index.php\/wp-json\/wp\/v2\/comments?post=118"}],"version-history":[{"count":36,"href":"https:\/\/advanceproyectos.com\/index.php\/wp-json\/wp\/v2\/pages\/118\/revisions"}],"predecessor-version":[{"id":429,"href":"https:\/\/advanceproyectos.com\/index.php\/wp-json\/wp\/v2\/pages\/118\/revisions\/429"}],"wp:attachment":[{"href":"https:\/\/advanceproyectos.com\/index.php\/wp-json\/wp\/v2\/media?parent=118"}],"curies":[{"name":"wp","href":"https:\/\/api.w.org\/{rel}","templated":true}]}}